{"id":507,"date":"2021-05-05T15:09:04","date_gmt":"2021-05-05T13:09:04","guid":{"rendered":"https:\/\/www.crescat-advisory.de\/aktuelles\/?page_id=507"},"modified":"2026-03-03T14:12:10","modified_gmt":"2026-03-03T13:12:10","slug":"impressum","status":"publish","type":"page","link":"https:\/\/www.crescat-advisory.de\/aktuelles\/impressum\/","title":{"rendered":"Impressum"},"content":{"rendered":"<div class=\"flex_column av_one_full  flex_column_div av-zero-column-padding first  avia-builder-el-0  avia-builder-el-no-sibling  \" style='border-radius:0px; '><section class=\"av_textblock_section \"  itemscope=\"itemscope\" itemtype=\"https:\/\/schema.org\/CreativeWork\" ><div class='avia_textblock  '   itemprop=\"text\" ><h2>Impressum<\/h2>\n<p><strong>Verantwortlich f\u00fcr die Inhalte<br \/>\nnach \u00a7 5 TMG \/ \u00a7 55 RStV:<\/strong><\/p>\n<p>CRESCAT Advisory GmbH<br \/>\nSebastian-Kneipp-Str. 41<br \/>\n60439 Frankfurt\/Main<\/p>\n<p>E-Mail: frankfurt@crescat-advisory.de<br \/>\nTel.: +49 (0) 69 7566125-0<\/p>\n<p>Gesch\u00e4ftsf\u00fchrer: Oliver B\u00f6hm, Holger Linn, Dr. Ulrich Neuert<br \/>\nAmtsgericht Frankfurt, HRB 99038<br \/>\nUmsatzsteuer-ID: DE255318015<\/p>\n<hr \/>\n<p>CRESCAT Advisory GmbH<br \/>\nHeinrichsgasse 4\/1<br \/>\n1010 Wien<\/p>\n<p>E-Mail: wien@crescat-advisory.at<br \/>\nTel.: +43 (1) 5323689<\/p>\n<p>Gesch\u00e4ftsf\u00fchrer: Roland Hausenbichl<br \/>\nHandelsgericht Wien, FN 412872s<br \/>\nUmsatzsteuer-ID: ATU68532956<\/p>\n<hr \/>\n<p>\u00a9Crescat Advisory GmbH<br \/>\nAlle Rechte vorbehalten.<br \/>\nAlle Angaben ohne Gew\u00e4hr.<br \/>\nStand 2016<\/p>\n<\/div><\/section><\/div>\n","protected":false},"excerpt":{"rendered":"Impressum Verantwortlich f\u00fcr die Inhalte nach \u00a7 5 TMG \/ \u00a7 55 RStV: CRESCAT Advisory GmbH Sebastian-Kneipp-Str. 41 60439 Frankfurt\/Main E-Mail: frankfurt@crescat-advisory.de Tel.: +49 (0) 69 7566125-0 Gesch\u00e4ftsf\u00fchrer: Oliver B\u00f6hm, Holger Linn, Dr. Ulrich Neuert Amtsgericht Frankfurt, HRB 99038 Umsatzsteuer-ID: DE255318015 CRESCAT Advisory GmbH Heinrichsgasse 4\/1 1010 Wien E-Mail: wien@crescat-advisory.at Tel.: +43 (1) 5323689 Gesch\u00e4ftsf\u00fchrer: [...]","protected":false},"author":1,"featured_media":0,"parent":0,"menu_order":0,"comment_status":"closed","ping_status":"closed","template":"","meta":{"inline_featured_image":false,"footnotes":""},"class_list":["post-507","page","type-page","status-publish","hentry"],"yoast_head":"<!-- This site is optimized with the Yoast SEO plugin v27.5 - https:\/\/yoast.com\/product\/yoast-seo-wordpress\/ -->\n<title>Impressum - Aktuelles<\/title>\n<meta name=\"robots\" content=\"index, follow, max-snippet:-1, max-image-preview:large, max-video-preview:-1\" \/>\n<link rel=\"canonical\" href=\"https:\/\/www.crescat-advisory.de\/aktuelles\/impressum\/\" \/>\n<meta property=\"og:locale\" content=\"de_DE\" \/>\n<meta property=\"og:type\" content=\"article\" \/>\n<meta property=\"og:title\" content=\"Impressum - Aktuelles\" \/>\n<meta property=\"og:url\" content=\"https:\/\/www.crescat-advisory.de\/aktuelles\/impressum\/\" \/>\n<meta property=\"og:site_name\" content=\"Aktuelles\" \/>\n<meta property=\"article:modified_time\" content=\"2026-03-03T13:12:10+00:00\" \/>\n<meta name=\"twitter:card\" content=\"summary_large_image\" \/>\n<meta name=\"twitter:label1\" content=\"Gesch\u00e4tzte Lesezeit\" \/>\n\t<meta name=\"twitter:data1\" content=\"1\u00a0Minute\" \/>\n<script type=\"application\/ld+json\" class=\"yoast-schema-graph\">{\"@context\":\"https:\\\/\\\/schema.org\",\"@graph\":[{\"@type\":\"WebPage\",\"@id\":\"https:\\\/\\\/www.crescat-advisory.de\\\/aktuelles\\\/impressum\\\/\",\"url\":\"https:\\\/\\\/www.crescat-advisory.de\\\/aktuelles\\\/impressum\\\/\",\"name\":\"Impressum - Aktuelles\",\"isPartOf\":{\"@id\":\"https:\\\/\\\/www.crescat-advisory.de\\\/aktuelles\\\/#website\"},\"datePublished\":\"2021-05-05T13:09:04+00:00\",\"dateModified\":\"2026-03-03T13:12:10+00:00\",\"breadcrumb\":{\"@id\":\"https:\\\/\\\/www.crescat-advisory.de\\\/aktuelles\\\/impressum\\\/#breadcrumb\"},\"inLanguage\":\"de\",\"potentialAction\":[{\"@type\":\"ReadAction\",\"target\":[\"https:\\\/\\\/www.crescat-advisory.de\\\/aktuelles\\\/impressum\\\/\"]}]},{\"@type\":\"BreadcrumbList\",\"@id\":\"https:\\\/\\\/www.crescat-advisory.de\\\/aktuelles\\\/impressum\\\/#breadcrumb\",\"itemListElement\":[{\"@type\":\"ListItem\",\"position\":1,\"name\":\"Startseite\",\"item\":\"https:\\\/\\\/www.crescat-advisory.de\\\/aktuelles\\\/\"},{\"@type\":\"ListItem\",\"position\":2,\"name\":\"Impressum\"}]},{\"@type\":\"WebSite\",\"@id\":\"https:\\\/\\\/www.crescat-advisory.de\\\/aktuelles\\\/#website\",\"url\":\"https:\\\/\\\/www.crescat-advisory.de\\\/aktuelles\\\/\",\"name\":\"Aktuelles\",\"description\":\"\",\"potentialAction\":[{\"@type\":\"SearchAction\",\"target\":{\"@type\":\"EntryPoint\",\"urlTemplate\":\"https:\\\/\\\/www.crescat-advisory.de\\\/aktuelles\\\/?s={search_term_string}\"},\"query-input\":{\"@type\":\"PropertyValueSpecification\",\"valueRequired\":true,\"valueName\":\"search_term_string\"}}],\"inLanguage\":\"de\"}]}<\/script>\n<!-- \/ Yoast SEO plugin. -->","yoast_head_json":{"title":"Impressum - Aktuelles","robots":{"index":"index","follow":"follow","max-snippet":"max-snippet:-1","max-image-preview":"max-image-preview:large","max-video-preview":"max-video-preview:-1"},"canonical":"https:\/\/www.crescat-advisory.de\/aktuelles\/impressum\/","og_locale":"de_DE","og_type":"article","og_title":"Impressum - Aktuelles","og_url":"https:\/\/www.crescat-advisory.de\/aktuelles\/impressum\/","og_site_name":"Aktuelles","article_modified_time":"2026-03-03T13:12:10+00:00","twitter_card":"summary_large_image","twitter_misc":{"Gesch\u00e4tzte Lesezeit":"1\u00a0Minute"},"schema":{"@context":"https:\/\/schema.org","@graph":[{"@type":"WebPage","@id":"https:\/\/www.crescat-advisory.de\/aktuelles\/impressum\/","url":"https:\/\/www.crescat-advisory.de\/aktuelles\/impressum\/","name":"Impressum - Aktuelles","isPartOf":{"@id":"https:\/\/www.crescat-advisory.de\/aktuelles\/#website"},"datePublished":"2021-05-05T13:09:04+00:00","dateModified":"2026-03-03T13:12:10+00:00","breadcrumb":{"@id":"https:\/\/www.crescat-advisory.de\/aktuelles\/impressum\/#breadcrumb"},"inLanguage":"de","potentialAction":[{"@type":"ReadAction","target":["https:\/\/www.crescat-advisory.de\/aktuelles\/impressum\/"]}]},{"@type":"BreadcrumbList","@id":"https:\/\/www.crescat-advisory.de\/aktuelles\/impressum\/#breadcrumb","itemListElement":[{"@type":"ListItem","position":1,"name":"Startseite","item":"https:\/\/www.crescat-advisory.de\/aktuelles\/"},{"@type":"ListItem","position":2,"name":"Impressum"}]},{"@type":"WebSite","@id":"https:\/\/www.crescat-advisory.de\/aktuelles\/#website","url":"https:\/\/www.crescat-advisory.de\/aktuelles\/","name":"Aktuelles","description":"","potentialAction":[{"@type":"SearchAction","target":{"@type":"EntryPoint","urlTemplate":"https:\/\/www.crescat-advisory.de\/aktuelles\/?s={search_term_string}"},"query-input":{"@type":"PropertyValueSpecification","valueRequired":true,"valueName":"search_term_string"}}],"inLanguage":"de"}]}},"_links":{"self":[{"href":"https:\/\/www.crescat-advisory.de\/aktuelles\/wp-json\/wp\/v2\/pages\/507","targetHints":{"allow":["GET"]}}],"collection":[{"href":"https:\/\/www.crescat-advisory.de\/aktuelles\/wp-json\/wp\/v2\/pages"}],"about":[{"href":"https:\/\/www.crescat-advisory.de\/aktuelles\/wp-json\/wp\/v2\/types\/page"}],"author":[{"embeddable":true,"href":"https:\/\/www.crescat-advisory.de\/aktuelles\/wp-json\/wp\/v2\/users\/1"}],"replies":[{"embeddable":true,"href":"https:\/\/www.crescat-advisory.de\/aktuelles\/wp-json\/wp\/v2\/comments?post=507"}],"version-history":[{"count":3,"href":"https:\/\/www.crescat-advisory.de\/aktuelles\/wp-json\/wp\/v2\/pages\/507\/revisions"}],"predecessor-version":[{"id":893,"href":"https:\/\/www.crescat-advisory.de\/aktuelles\/wp-json\/wp\/v2\/pages\/507\/revisions\/893"}],"wp:attachment":[{"href":"https:\/\/www.crescat-advisory.de\/aktuelles\/wp-json\/wp\/v2\/media?parent=507"}],"curies":[{"name":"wp","href":"https:\/\/api.w.org\/{rel}","templated":true}]}}